{"id":42,"date":"2021-08-15T15:30:35","date_gmt":"2021-08-15T15:30:35","guid":{"rendered":"https:\/\/unionsquare.vn\/?page_id=42"},"modified":"2022-06-22T08:29:30","modified_gmt":"2022-06-22T08:29:30","slug":"services","status":"publish","type":"page","link":"https:\/\/unionsquare.vn\/vi\/services\/","title":{"rendered":"D\u1ecbch v\u1ee5"},"content":{"rendered":"<p>Ch\u00fang t\u00f4i lu\u00f4n h\u01b0\u1edbng \u0111\u1ebfn nh\u1eefng tr\u1ea3i nghi\u1ec7m ho\u00e0n h\u1ea3o, th\u00fa v\u1ecb nh\u1ea5t cho kh\u00e1ch h\u00e0ng t\u1ea1i Union Square. Nh\u00e2n vi\u00ean c\u1ee7a ch\u00fang t\u00f4i lu\u00f4n s\u1eb5n s\u00e0ng tr\u1ea3 l\u1eddi c\u00e1c c\u00e2u h\u1ecfi v\u00e0 h\u1ed7 tr\u1ee3 qu\u00fd kh\u00e1ch h\u00e0ng trong vi\u1ec7c \u0111\u1eb7t b\u00e0n c\u0169ng nh\u01b0 t\u00ecm ki\u1ebfm th\u00f4ng tin.<\/p>\n<p>T\u00ecm hi\u1ec3u th\u00eam c\u00e1c d\u1ecbch v\u1ee5 \u0111\u1ed9c quy\u1ec1n kh\u00e1c c\u1ee7a ch\u00fang t\u00f4i \u0111\u1ec3 tr\u1ea3i nghi\u1ec7m c\u1ee7a b\u1ea1n th\u00eam tuy\u1ec7t v\u1eddi h\u01a1n.<\/p>","protected":false},"excerpt":{"rendered":"Ch\u00fang t\u00f4i lu\u00f4n h\u01b0\u1edbng \u0111\u1ebfn nh\u1eefng tr\u1ea3i nghi\u1ec7m ho\u00e0n h\u1ea3o, th\u00fa v\u1ecb nh\u1ea5t cho kh\u00e1ch h\u00e0ng t\u1ea1i Union Square. Nh\u00e2n vi\u00ean c\u1ee7a ch\u00fang t\u00f4i lu\u00f4n s\u1eb5n s\u00e0ng tr\u1ea3 l\u1eddi c\u00e1c c\u00e2u h\u1ecfi v\u00e0 h\u1ed7 tr\u1ee3 qu\u00fd kh\u00e1ch h\u00e0ng trong vi\u1ec7c \u0111\u1eb7t b\u00e0n c\u0169ng nh\u01b0 t\u00ecm ki\u1ebfm th\u00f4ng tin. T\u00ecm hi\u1ec3u th\u00eam c\u00e1c d\u1ecbch v\u1ee5 \u0111\u1ed9c [&hellip;]","protected":false},"author":1,"featured_media":0,"parent":0,"menu_order":5,"comment_status":"closed","ping_status":"closed","template":"page-templates\/page-services.php","meta":{"footnotes":""},"class_list":["post-42","page","type-page","status-publish","hentry"],"_links":{"self":[{"href":"https:\/\/unionsquare.vn\/vi\/wp-json\/wp\/v2\/pages\/42","targetHints":{"allow":["GET"]}}],"collection":[{"href":"https:\/\/unionsquare.vn\/vi\/wp-json\/wp\/v2\/pages"}],"about":[{"href":"https:\/\/unionsquare.vn\/vi\/wp-json\/wp\/v2\/types\/page"}],"author":[{"embeddable":true,"href":"https:\/\/unionsquare.vn\/vi\/wp-json\/wp\/v2\/users\/1"}],"replies":[{"embeddable":true,"href":"https:\/\/unionsquare.vn\/vi\/wp-json\/wp\/v2\/comments?post=42"}],"version-history":[{"count":37,"href":"https:\/\/unionsquare.vn\/vi\/wp-json\/wp\/v2\/pages\/42\/revisions"}],"predecessor-version":[{"id":2039,"href":"https:\/\/unionsquare.vn\/vi\/wp-json\/wp\/v2\/pages\/42\/revisions\/2039"}],"wp:attachment":[{"href":"https:\/\/unionsquare.vn\/vi\/wp-json\/wp\/v2\/media?parent=42"}],"curies":[{"name":"wp","href":"https:\/\/api.w.org\/{rel}","templated":true}]}}