{"id":67,"date":"2021-08-15T16:11:57","date_gmt":"2021-08-15T16:11:57","guid":{"rendered":"https:\/\/unionsquare.vn\/?page_id=67"},"modified":"2022-06-22T08:39:00","modified_gmt":"2022-06-22T08:39:00","slug":"careers","status":"publish","type":"page","link":"https:\/\/unionsquare.vn\/vi\/careers\/","title":{"rendered":"Tuy\u1ec3n d\u1ee5ng"},"content":{"rendered":"<p>Union Square l\u00e0 n\u01a1i h\u1ed9i t\u1ee5 c\u1ee7a c\u00e1c th\u01b0\u01a1ng hi\u1ec7u d\u1eabn \u0111\u1ea7u v\u1ec1 phong c\u00e1ch s\u1ed1ng. H\u00e3y b\u1eaft \u0111\u1ea7u h\u00e0nh tr\u00ecnh \u0111\u1ec3 c\u00f3 m\u1ed9t s\u1ef1 nghi\u1ec7p \u0111\u00e1ng nh\u1edb t\u1ea1i m\u1ed9t trong nh\u1eefng c\u00f4ng ty h\u00e0ng \u0111\u1ea7u v\u1edbi nh\u1eefng chuy\u00ean gia t\u00e0i n\u0103ng t\u1ea1i Vi\u1ec7t Nam. Union Square mang \u0111\u1ebfn cho b\u1ea1n s\u1ef1 \u1ed5n \u0111\u1ecbnh, c\u01a1 h\u1ed9i th\u0103ng ti\u1ebfn, b\u1ee9t ph\u00e1 \u0111\u1ea7y th\u00fa v\u1ecb v\u00e0 s\u00e1ng t\u1ea1o.<\/p>","protected":false},"excerpt":{"rendered":"Union Square l\u00e0 n\u01a1i h\u1ed9i t\u1ee5 c\u1ee7a c\u00e1c th\u01b0\u01a1ng hi\u1ec7u d\u1eabn \u0111\u1ea7u v\u1ec1 phong c\u00e1ch s\u1ed1ng. H\u00e3y b\u1eaft \u0111\u1ea7u h\u00e0nh tr\u00ecnh \u0111\u1ec3 c\u00f3 m\u1ed9t s\u1ef1 nghi\u1ec7p \u0111\u00e1ng nh\u1edb t\u1ea1i m\u1ed9t trong nh\u1eefng c\u00f4ng ty h\u00e0ng \u0111\u1ea7u v\u1edbi nh\u1eefng chuy\u00ean gia t\u00e0i n\u0103ng t\u1ea1i Vi\u1ec7t Nam. Union Square mang \u0111\u1ebfn cho b\u1ea1n s\u1ef1 \u1ed5n \u0111\u1ecbnh, c\u01a1 [&hellip;]","protected":false},"author":1,"featured_media":0,"parent":0,"menu_order":9,"comment_status":"closed","ping_status":"closed","template":"","meta":{"footnotes":""},"class_list":["post-67","page","type-page","status-publish","hentry"],"_links":{"self":[{"href":"https:\/\/unionsquare.vn\/vi\/wp-json\/wp\/v2\/pages\/67","targetHints":{"allow":["GET"]}}],"collection":[{"href":"https:\/\/unionsquare.vn\/vi\/wp-json\/wp\/v2\/pages"}],"about":[{"href":"https:\/\/unionsquare.vn\/vi\/wp-json\/wp\/v2\/types\/page"}],"author":[{"embeddable":true,"href":"https:\/\/unionsquare.vn\/vi\/wp-json\/wp\/v2\/users\/1"}],"replies":[{"embeddable":true,"href":"https:\/\/unionsquare.vn\/vi\/wp-json\/wp\/v2\/comments?post=67"}],"version-history":[{"count":14,"href":"https:\/\/unionsquare.vn\/vi\/wp-json\/wp\/v2\/pages\/67\/revisions"}],"predecessor-version":[{"id":2048,"href":"https:\/\/unionsquare.vn\/vi\/wp-json\/wp\/v2\/pages\/67\/revisions\/2048"}],"wp:attachment":[{"href":"https:\/\/unionsquare.vn\/vi\/wp-json\/wp\/v2\/media?parent=67"}],"curies":[{"name":"wp","href":"https:\/\/api.w.org\/{rel}","templated":true}]}}