{"id":718,"date":"2021-08-31T17:38:13","date_gmt":"2021-08-31T17:38:13","guid":{"rendered":"https:\/\/unionsquare.vn\/?page_id=718"},"modified":"2022-06-21T07:56:16","modified_gmt":"2022-06-21T07:56:16","slug":"thank-you","status":"publish","type":"page","link":"https:\/\/unionsquare.vn\/vi\/thank-you\/","title":{"rendered":"C\u1ea3m \u01a1n"},"content":{"rendered":"<p>C\u1ea3m \u01a1n b\u1ea1n \u0111\u00e3 quan t\u00e2m v\u00e0 \u0111\u1ec3 l\u1ea1i th\u00f4ng tin, nh\u00e2n vi\u00ean c\u1ee7a Union Square s\u1ebd li\u00ean l\u1ea1c v\u1edbi b\u1ea1n trong th\u1eddi gian s\u1edbm nh\u1ea5t.<\/p>\n","protected":false},"excerpt":{"rendered":"C\u1ea3m \u01a1n b\u1ea1n \u0111\u00e3 quan t\u00e2m v\u00e0 \u0111\u1ec3 l\u1ea1i th\u00f4ng tin, nh\u00e2n vi\u00ean c\u1ee7a Union Square s\u1ebd li\u00ean l\u1ea1c v\u1edbi b\u1ea1n trong th\u1eddi gian s\u1edbm nh\u1ea5t.","protected":false},"author":1,"featured_media":0,"parent":0,"menu_order":11,"comment_status":"closed","ping_status":"closed","template":"page-templates\/page-thankyou.php","meta":{"footnotes":""},"class_list":["post-718","page","type-page","status-publish","hentry"],"_links":{"self":[{"href":"https:\/\/unionsquare.vn\/vi\/wp-json\/wp\/v2\/pages\/718","targetHints":{"allow":["GET"]}}],"collection":[{"href":"https:\/\/unionsquare.vn\/vi\/wp-json\/wp\/v2\/pages"}],"about":[{"href":"https:\/\/unionsquare.vn\/vi\/wp-json\/wp\/v2\/types\/page"}],"author":[{"embeddable":true,"href":"https:\/\/unionsquare.vn\/vi\/wp-json\/wp\/v2\/users\/1"}],"replies":[{"embeddable":true,"href":"https:\/\/unionsquare.vn\/vi\/wp-json\/wp\/v2\/comments?post=718"}],"version-history":[{"count":4,"href":"https:\/\/unionsquare.vn\/vi\/wp-json\/wp\/v2\/pages\/718\/revisions"}],"predecessor-version":[{"id":2019,"href":"https:\/\/unionsquare.vn\/vi\/wp-json\/wp\/v2\/pages\/718\/revisions\/2019"}],"wp:attachment":[{"href":"https:\/\/unionsquare.vn\/vi\/wp-json\/wp\/v2\/media?parent=718"}],"curies":[{"name":"wp","href":"https:\/\/api.w.org\/{rel}","templated":true}]}}