{"id":722,"date":"2021-08-31T17:44:41","date_gmt":"2021-08-31T17:44:41","guid":{"rendered":"https:\/\/unionsquare.vn\/?page_id=722"},"modified":"2022-06-22T08:39:52","modified_gmt":"2022-06-22T08:39:52","slug":"leasing-enquiries","status":"publish","type":"page","link":"https:\/\/unionsquare.vn\/vi\/leasing-enquiries\/","title":{"rendered":"Li\u00ean h\u1ec7 thu\u00ea m\u1eb7t b\u1eb1ng"},"content":{"rendered":"<p><\/p>\n<div class=\"text-content t-center\">\n<p>S\u1edf h\u1eefu v\u1ecb tr\u00ed l\u00fd t\u01b0\u1edfng ngay t\u1ea1i trung t\u00e2m Qu\u1eadn 1, Union Square l\u00e0 \u0111i\u1ec3m \u0111\u1ebfn tuy\u1ec7t v\u1eddi cho nh\u1eefng t\u00edn \u0111\u1ed3 v\u1ec1 th\u1eddi trang v\u00e0 phong c\u00e1ch s\u1ed1ng hi\u1ec7n \u0111\u1ea1i, sang tr\u1ecdng. Ch\u00fang t\u00f4i r\u1ea5t mong ch\u1edd ch\u00e0o \u0111\u00f3n b\u1ea1n gia nh\u1eadp n\u01a1i quy t\u1ee5 c\u1ee7a nh\u1eefng th\u01b0\u01a1ng hi\u1ec7u v\u00e0 concept h\u00e0ng \u0111\u1ea7u th\u1ebf gi\u1edbi.<\/p>\n<p>B\u1ea1n c\u1ea7n t\u00ecm m\u1ed9t kh\u00f4ng gian cho c\u1eeda h\u00e0ng b\u00e1n l\u1ebb c\u1ee7a m\u00ecnh? Vui l\u00f2ng \u0111i\u1ec1n v\u00e0o m\u1eabu \u0111\u01a1n b\u00ean d\u01b0\u1edbi.<\/p>\n<\/div>\n<p>\n<div class=\"wpcf7 no-js\" id=\"wpcf7-f892-o2\" lang=\"en-US\" dir=\"ltr\" data-wpcf7-id=\"892\">\n<div class=\"screen-reader-response\"><p role=\"status\" aria-live=\"polite\" aria-atomic=\"true\"><\/p> <ul><\/ul><\/div>\n<form action=\"\/vi\/wp-json\/wp\/v2\/pages\/722#wpcf7-f892-o2\" method=\"post\" class=\"wpcf7-form init\" aria-label=\"Contact form\" novalidate=\"novalidate\" data-status=\"init\">\n<fieldset class=\"hidden-fields-container\"><input type=\"hidden\" name=\"_wpcf7\" value=\"892\" \/><input type=\"hidden\" name=\"_wpcf7_version\" value=\"6.1.4\" \/><input type=\"hidden\" name=\"_wpcf7_locale\" value=\"en_US\" \/><input type=\"hidden\" name=\"_wpcf7_unit_tag\" value=\"wpcf7-f892-o2\" \/><input type=\"hidden\" name=\"_wpcf7_container_post\" value=\"0\" \/><input type=\"hidden\" name=\"_wpcf7_posted_data_hash\" value=\"\" \/>\n<\/fieldset>\n<div class=\"blk-form\">\n\t<div class=\"blk-form__col\">\n\t\t<div class=\"form-control\">\n\t\t\t<p><span class=\"wpcf7-form-control-wrap\" data-name=\"text-646\"><input size=\"40\" maxlength=\"400\" class=\"wpcf7-form-control wpcf7-text wpcf7-validates-as-required\" aria-required=\"true\" aria-invalid=\"false\" placeholder=\"T\u00ean ng\u01b0\u1eddi li\u00ean h\u1ec7*\" value=\"\" type=\"text\" name=\"text-646\" \/><\/span>\n\t\t\t<\/p>\n\t\t<\/div>\n\t\t<div class=\"form-control\">\n\t\t\t<p><span class=\"wpcf7-form-control-wrap\" data-name=\"text-756\"><input size=\"40\" maxlength=\"400\" class=\"wpcf7-form-control wpcf7-text wpcf7-validates-as-required\" aria-required=\"true\" aria-invalid=\"false\" placeholder=\"Ch\u1ee9c v\u1ee5*\" value=\"\" type=\"text\" name=\"text-756\" \/><\/span>\n\t\t\t<\/p>\n\t\t<\/div>\n\t\t<div class=\"form-control\">\n\t\t\t<p><span class=\"wpcf7-form-control-wrap\" data-name=\"email-665\"><input size=\"40\" maxlength=\"400\" class=\"wpcf7-form-control wpcf7-email wpcf7-validates-as-required wpcf7-text wpcf7-validates-as-email\" aria-required=\"true\" aria-invalid=\"false\" placeholder=\"Email*\" value=\"\" type=\"email\" name=\"email-665\" \/><\/span>\n\t\t\t<\/p>\n\t\t<\/div>\n\t\t<div class=\"form-control\">\n\t\t\t<p><span class=\"wpcf7-form-control-wrap\" data-name=\"tel-98\"><input size=\"40\" maxlength=\"400\" class=\"wpcf7-form-control wpcf7-tel wpcf7-validates-as-required wpcf7-text wpcf7-validates-as-tel\" aria-required=\"true\" aria-invalid=\"false\" placeholder=\"\u0110i\u1ec7n tho\u1ea1i*\" value=\"\" type=\"tel\" name=\"tel-98\" \/><\/span>\n\t\t\t<\/p>\n\t\t<\/div>\n\t\t<div class=\"form-control\">\n\t\t\t<p><span class=\"wpcf7-form-control-wrap\" data-name=\"text-754\"><input size=\"40\" maxlength=\"400\" class=\"wpcf7-form-control wpcf7-text wpcf7-validates-as-required\" aria-required=\"true\" aria-invalid=\"false\" placeholder=\"T\u00ean c\u00f4ng ty*\" value=\"\" type=\"text\" name=\"text-754\" \/><\/span>\n\t\t\t<\/p>\n\t\t<\/div>\n\t\t<div class=\"form-control\">\n\t\t\t<p><span class=\"wpcf7-form-control-wrap\" data-name=\"text-30\"><input size=\"40\" maxlength=\"400\" class=\"wpcf7-form-control wpcf7-text\" aria-invalid=\"false\" placeholder=\"Website c\u00f4ng ty\" value=\"\" type=\"text\" name=\"text-30\" \/><\/span>\n\t\t\t<\/p>\n\t\t<\/div>\n\t<\/div>\n\t<div class=\"blk-form__col\">\n\t\t<div class=\"form-control\">\n\t\t\t<p><span class=\"wpcf7-form-control-wrap\" data-name=\"text-992\"><input size=\"40\" maxlength=\"400\" class=\"wpcf7-form-control wpcf7-text wpcf7-validates-as-required\" aria-required=\"true\" aria-invalid=\"false\" placeholder=\"Th\u01b0\u01a1ng hi\u1ec7u \u0111\u1ec3 kinh doanh*\" value=\"\" type=\"text\" name=\"text-992\" \/><\/span>\n\t\t\t<\/p>\n\t\t<\/div>\n\t\t<div class=\"form-control\">\n\t\t\t<p><span class=\"wpcf7-form-control-wrap\" data-name=\"text-742\"><input size=\"40\" maxlength=\"400\" class=\"wpcf7-form-control wpcf7-text\" aria-invalid=\"false\" placeholder=\"Di\u1ec7n t\u00edch c\u1ea7n thu\u00ea\" value=\"\" type=\"text\" name=\"text-742\" \/><\/span>\n\t\t\t<\/p>\n\t\t<\/div>\n\t\t<div class=\"form-control\">\n\t\t\t<p><span>N\u1ed9i dung<\/span><br \/>\n<span class=\"wpcf7-form-control-wrap\" data-name=\"textarea-52\"><textarea cols=\"40\" rows=\"10\" maxlength=\"2000\" class=\"wpcf7-form-control wpcf7-textarea\" aria-invalid=\"false\" name=\"textarea-52\"><\/textarea><\/span>\n\t\t\t<\/p>\n\t\t<\/div>\n\t\t<div class=\"blk-form__action\">\n\t\t\t<div class=\"form-act btn btn--green\">\n\t\t\t\t<p><span class=\"arrow\"><\/span><br \/>\n<input class=\"wpcf7-form-control wpcf7-submit has-spinner form-btn\" type=\"submit\" value=\"\u0110\u0103ng k\u00fd\" \/>\n\t\t\t\t<\/p>\n\t\t\t<\/div>\n\t\t<\/div>\n\t<\/div>\n<\/div><div class=\"wpcf7-response-output\" aria-hidden=\"true\"><\/div>\n<\/form>\n<\/div>\n<\/p>","protected":false},"excerpt":{"rendered":"S\u1edf h\u1eefu v\u1ecb tr\u00ed l\u00fd t\u01b0\u1edfng ngay t\u1ea1i trung t\u00e2m Qu\u1eadn 1, Union Square l\u00e0 \u0111i\u1ec3m \u0111\u1ebfn tuy\u1ec7t v\u1eddi cho nh\u1eefng t\u00edn \u0111\u1ed3 v\u1ec1 th\u1eddi trang v\u00e0 phong c\u00e1ch s\u1ed1ng hi\u1ec7n \u0111\u1ea1i, sang tr\u1ecdng. Ch\u00fang t\u00f4i r\u1ea5t mong ch\u1edd ch\u00e0o \u0111\u00f3n b\u1ea1n gia nh\u1eadp n\u01a1i quy t\u1ee5 c\u1ee7a nh\u1eefng th\u01b0\u01a1ng hi\u1ec7u v\u00e0 concept h\u00e0ng \u0111\u1ea7u [&hellip;]","protected":false},"author":1,"featured_media":0,"parent":0,"menu_order":10,"comment_status":"closed","ping_status":"closed","template":"page-templates\/page-leasing.php","meta":{"footnotes":""},"class_list":["post-722","page","type-page","status-publish","hentry"],"_links":{"self":[{"href":"https:\/\/unionsquare.vn\/vi\/wp-json\/wp\/v2\/pages\/722","targetHints":{"allow":["GET"]}}],"collection":[{"href":"https:\/\/unionsquare.vn\/vi\/wp-json\/wp\/v2\/pages"}],"about":[{"href":"https:\/\/unionsquare.vn\/vi\/wp-json\/wp\/v2\/types\/page"}],"author":[{"embeddable":true,"href":"https:\/\/unionsquare.vn\/vi\/wp-json\/wp\/v2\/users\/1"}],"replies":[{"embeddable":true,"href":"https:\/\/unionsquare.vn\/vi\/wp-json\/wp\/v2\/comments?post=722"}],"version-history":[{"count":10,"href":"https:\/\/unionsquare.vn\/vi\/wp-json\/wp\/v2\/pages\/722\/revisions"}],"predecessor-version":[{"id":2049,"href":"https:\/\/unionsquare.vn\/vi\/wp-json\/wp\/v2\/pages\/722\/revisions\/2049"}],"wp:attachment":[{"href":"https:\/\/unionsquare.vn\/vi\/wp-json\/wp\/v2\/media?parent=722"}],"curies":[{"name":"wp","href":"https:\/\/api.w.org\/{rel}","templated":true}]}}